{"id":1861,"date":"2020-12-04T15:40:16","date_gmt":"2020-12-04T14:40:16","guid":{"rendered":"http:\/\/www.helene-pawsitive-solutions.com\/?page_id=1861"},"modified":"2022-02-10T06:15:08","modified_gmt":"2022-02-10T05:15:08","slug":"bite-prevention-workshops-peccram","status":"publish","type":"page","link":"https:\/\/www.helene-pawsitive-solutions.com\/en\/only-pawsitive-solutions-my-services\/bite-prevention-workshops-peccram\/","title":{"rendered":"Bite prevention workshops"},"content":{"rendered":"<p>Bites are the third cause of domestic accident in France!<\/p>\n\n\n\n<p>Between 50 and 65 % of children from 3 to 5 year-old don&rsquo;t know how to differentiate a happy dog from a stressed out dog.<\/p>\n\n\n\n<p>Being unaware of or ignoring the signs sent by your dog to tell you that the situation doesn&rsquo;t suit him, results in exposing children to serious risks.<\/p>\n\n\n\n<p>Taking action in prevention makes it possible to avoid psychological and physical traumas for the child and their relatives, the dog&rsquo;s euthanasia, as he is rarely responsible for the situation\u2026<\/p>\n\n\n\n<p class=\"has-text-align-center\"><strong>So that the dog keeps being the Human&rsquo;s best friend (and vice versa)<\/strong><\/p>\n\n\n\n<div class=\"wp-block-image is-style-default\"><figure class=\"aligncenter size-large\"><img decoding=\"async\" width=\"1024\" height=\"666\" data-src=\"http:\/\/www.helene-pawsitive-solutions.com\/wp-content\/uploads\/2019\/01\/dog-kids-couch-1024x666.jpg\" alt=\"\" class=\"wp-image-546 lazyload\" data-srcset=\"https:\/\/www.helene-pawsitive-solutions.com\/wp-content\/uploads\/2019\/01\/dog-kids-couch-1024x666.jpg 1024w, https:\/\/www.helene-pawsitive-solutions.com\/wp-content\/uploads\/2019\/01\/dog-kids-couch-300x195.jpg 300w, https:\/\/www.helene-pawsitive-solutions.com\/wp-content\/uploads\/2019\/01\/dog-kids-couch-768x500.jpg 768w, https:\/\/www.helene-pawsitive-solutions.com\/wp-content\/uploads\/2019\/01\/dog-kids-couch-640x416.jpg 640w, https:\/\/www.helene-pawsitive-solutions.com\/wp-content\/uploads\/2019\/01\/dog-kids-couch.jpg 1920w\" data-sizes=\"(max-width: 1024px) 100vw, 1024px\" src=\"data:image\/svg+xml;base64,PHN2ZyB3aWR0aD0iMSIgaGVpZ2h0PSIxIiB4bWxucz0iaHR0cDovL3d3dy53My5vcmcvMjAwMC9zdmciPjwvc3ZnPg==\" style=\"--smush-placeholder-width: 1024px; --smush-placeholder-aspect-ratio: 1024\/666;\" \/><\/figure><\/div>\n\n\n\n<p>In March 2019, I was trained by the <a href=\"http:\/\/peccram.monsite-orange.fr\/index.html\" target=\"_blank\" rel=\"noreferrer noopener\">FIMAC canin and Mrs Chantal HAZARD<\/a> to take part in an <strong>education program for the knowledge of the dog and the risk of bite accidents<\/strong> (PECCRAM).<\/p>\n\n\n\n<p>Thanks to this training, I offer <strong>fun, educational and structured sessions<\/strong>.<br>The goal: to learn dogs&rsquo; language and be aware of the good and bad behaviors in front of a dog.<\/p>\n\n\n\n<p>I take action with children, especially:<\/p>\n\n\n\n<ul class=\"wp-block-list\"><li>in schools<\/li><li>in day camps<\/li><li>in pet stores<\/li><li>in veterinary practices<\/li><li>in shelters and animal protection associations<\/li><li>in any structure welcoming young public<\/li><li>at your home if you want a private or small group session<\/li><\/ul>\n\n\n\n<p><strong>The number of sessions and the price will be adapted to the possibilities offered by the structure<\/strong> (from $85 for a one-hour session, prices on a sliding scale).<\/p>\n\n\n\n<p>Don&rsquo;t hesitate to <a href=\"http:\/\/www.helene-pawsitive-solutions.com\/en\/contact-me\/\" target=\"_blank\" rel=\"noreferrer noopener\">contact me<\/a> for more information.<\/p>\n\n\n\n<div class=\"wp-block-jetpack-slideshow aligncenter\" data-effect=\"slide\"><div class=\"wp-block-jetpack-slideshow_container swiper-container\"><ul class=\"wp-block-jetpack-slideshow_swiper-wrapper swiper-wrapper\"><li class=\"wp-block-jetpack-slideshow_slide swiper-slide\"><figure><img decoding=\"async\" width=\"720\" height=\"960\" alt=\"\" class=\"wp-block-jetpack-slideshow_image wp-image-1732 lazyload\" data-id=\"1732\" data-src=\"http:\/\/www.helene-pawsitive-solutions.com\/wp-content\/uploads\/2020\/11\/PECCRAM-2.jpg\" data-srcset=\"https:\/\/www.helene-pawsitive-solutions.com\/wp-content\/uploads\/2020\/11\/PECCRAM-2.jpg 720w, https:\/\/www.helene-pawsitive-solutions.com\/wp-content\/uploads\/2020\/11\/PECCRAM-2-225x300.jpg 225w, https:\/\/www.helene-pawsitive-solutions.com\/wp-content\/uploads\/2020\/11\/PECCRAM-2-9x12.jpg 9w, https:\/\/www.helene-pawsitive-solutions.com\/wp-content\/uploads\/2020\/11\/PECCRAM-2-480x640.jpg 480w\" data-sizes=\"(max-width: 720px) 100vw, 720px\" src=\"data:image\/svg+xml;base64,PHN2ZyB3aWR0aD0iMSIgaGVpZ2h0PSIxIiB4bWxucz0iaHR0cDovL3d3dy53My5vcmcvMjAwMC9zdmciPjwvc3ZnPg==\" style=\"--smush-placeholder-width: 720px; --smush-placeholder-aspect-ratio: 720\/960;\" \/><figcaption class=\"wp-block-jetpack-slideshow_caption gallery-caption\">Workshop at Landerneau's shelter (Brittany, France)<\/figcaption><\/figure><\/li><li class=\"wp-block-jetpack-slideshow_slide swiper-slide\"><figure><img decoding=\"async\" width=\"1024\" height=\"768\" alt=\"\" class=\"wp-block-jetpack-slideshow_image wp-image-1740 lazyload\" data-id=\"1740\" data-src=\"http:\/\/www.helene-pawsitive-solutions.com\/wp-content\/uploads\/2020\/11\/PECCRAM-au-RAPL_LI-1024x768.jpg\" data-srcset=\"https:\/\/www.helene-pawsitive-solutions.com\/wp-content\/uploads\/2020\/11\/PECCRAM-au-RAPL_LI-1024x768.jpg 1024w, https:\/\/www.helene-pawsitive-solutions.com\/wp-content\/uploads\/2020\/11\/PECCRAM-au-RAPL_LI-300x225.jpg 300w\" data-sizes=\"(max-width: 1024px) 100vw, 1024px\" src=\"data:image\/svg+xml;base64,PHN2ZyB3aWR0aD0iMSIgaGVpZ2h0PSIxIiB4bWxucz0iaHR0cDovL3d3dy53My5vcmcvMjAwMC9zdmciPjwvc3ZnPg==\" style=\"--smush-placeholder-width: 1024px; --smush-placeholder-aspect-ratio: 1024\/768;\" \/><\/figure><\/li><li class=\"wp-block-jetpack-slideshow_slide swiper-slide\"><figure><img decoding=\"async\" width=\"1024\" height=\"768\" alt=\"\" class=\"wp-block-jetpack-slideshow_image wp-image-1743 lazyload\" data-id=\"1743\" data-src=\"http:\/\/www.helene-pawsitive-solutions.com\/wp-content\/uploads\/2020\/11\/PECCRAM-au-RAPL-2_LI-1024x768.jpg\" data-srcset=\"https:\/\/www.helene-pawsitive-solutions.com\/wp-content\/uploads\/2020\/11\/PECCRAM-au-RAPL-2_LI-1024x768.jpg 1024w, https:\/\/www.helene-pawsitive-solutions.com\/wp-content\/uploads\/2020\/11\/PECCRAM-au-RAPL-2_LI-300x225.jpg 300w, https:\/\/www.helene-pawsitive-solutions.com\/wp-content\/uploads\/2020\/11\/PECCRAM-au-RAPL-2_LI-768x576.jpg 768w, https:\/\/www.helene-pawsitive-solutions.com\/wp-content\/uploads\/2020\/11\/PECCRAM-au-RAPL-2_LI-1536x1152.jpg 1536w, https:\/\/www.helene-pawsitive-solutions.com\/wp-content\/uploads\/2020\/11\/PECCRAM-au-RAPL-2_LI-2048x1536.jpg 2048w, https:\/\/www.helene-pawsitive-solutions.com\/wp-content\/uploads\/2020\/11\/PECCRAM-au-RAPL-2_LI-16x12.jpg 16w, https:\/\/www.helene-pawsitive-solutions.com\/wp-content\/uploads\/2020\/11\/PECCRAM-au-RAPL-2_LI-640x480.jpg 640w\" data-sizes=\"(max-width: 1024px) 100vw, 1024px\" src=\"data:image\/svg+xml;base64,PHN2ZyB3aWR0aD0iMSIgaGVpZ2h0PSIxIiB4bWxucz0iaHR0cDovL3d3dy53My5vcmcvMjAwMC9zdmciPjwvc3ZnPg==\" style=\"--smush-placeholder-width: 1024px; --smush-placeholder-aspect-ratio: 1024\/768;\" \/><\/figure><\/li><li class=\"wp-block-jetpack-slideshow_slide swiper-slide\"><figure><img decoding=\"async\" width=\"960\" height=\"720\" alt=\"\" class=\"wp-block-jetpack-slideshow_image wp-image-1731 lazyload\" data-id=\"1731\" data-src=\"http:\/\/www.helene-pawsitive-solutions.com\/wp-content\/uploads\/2020\/11\/PECCRAM-1.jpg\" data-srcset=\"https:\/\/www.helene-pawsitive-solutions.com\/wp-content\/uploads\/2020\/11\/PECCRAM-1.jpg 960w, https:\/\/www.helene-pawsitive-solutions.com\/wp-content\/uploads\/2020\/11\/PECCRAM-1-300x225.jpg 300w, https:\/\/www.helene-pawsitive-solutions.com\/wp-content\/uploads\/2020\/11\/PECCRAM-1-768x576.jpg 768w, https:\/\/www.helene-pawsitive-solutions.com\/wp-content\/uploads\/2020\/11\/PECCRAM-1-16x12.jpg 16w, https:\/\/www.helene-pawsitive-solutions.com\/wp-content\/uploads\/2020\/11\/PECCRAM-1-640x480.jpg 640w\" data-sizes=\"(max-width: 960px) 100vw, 960px\" src=\"data:image\/svg+xml;base64,PHN2ZyB3aWR0aD0iMSIgaGVpZ2h0PSIxIiB4bWxucz0iaHR0cDovL3d3dy53My5vcmcvMjAwMC9zdmciPjwvc3ZnPg==\" style=\"--smush-placeholder-width: 960px; --smush-placeholder-aspect-ratio: 960\/720;\" \/><\/figure><\/li><li class=\"wp-block-jetpack-slideshow_slide swiper-slide\"><figure><img decoding=\"async\" width=\"1920\" height=\"2560\" alt=\"\" class=\"wp-block-jetpack-slideshow_image wp-image-1736 lazyload\" data-id=\"1736\" data-src=\"http:\/\/www.helene-pawsitive-solutions.com\/wp-content\/uploads\/2020\/11\/Article-presse-cine-PECCRAM-Marona-scaled.jpg\" data-srcset=\"https:\/\/www.helene-pawsitive-solutions.com\/wp-content\/uploads\/2020\/11\/Article-presse-cine-PECCRAM-Marona-scaled.jpg 1920w, https:\/\/www.helene-pawsitive-solutions.com\/wp-content\/uploads\/2020\/11\/Article-presse-cine-PECCRAM-Marona-225x300.jpg 225w\" data-sizes=\"(max-width: 1920px) 100vw, 1920px\" src=\"data:image\/svg+xml;base64,PHN2ZyB3aWR0aD0iMSIgaGVpZ2h0PSIxIiB4bWxucz0iaHR0cDovL3d3dy53My5vcmcvMjAwMC9zdmciPjwvc3ZnPg==\" style=\"--smush-placeholder-width: 1920px; --smush-placeholder-aspect-ratio: 1920\/2560;\" \/><figcaption class=\"wp-block-jetpack-slideshow_caption gallery-caption\">Working at the movie theater<\/figcaption><\/figure><\/li><li class=\"wp-block-jetpack-slideshow_slide swiper-slide\"><figure><img decoding=\"async\" width=\"667\" height=\"527\" alt=\"\" class=\"wp-block-jetpack-slideshow_image wp-image-1735 lazyload\" data-id=\"1735\" data-src=\"http:\/\/www.helene-pawsitive-solutions.com\/wp-content\/uploads\/2020\/11\/PECCRAM-cine-Marona.jpg\" data-srcset=\"https:\/\/www.helene-pawsitive-solutions.com\/wp-content\/uploads\/2020\/11\/PECCRAM-cine-Marona.jpg 667w, https:\/\/www.helene-pawsitive-solutions.com\/wp-content\/uploads\/2020\/11\/PECCRAM-cine-Marona-300x237.jpg 300w, https:\/\/www.helene-pawsitive-solutions.com\/wp-content\/uploads\/2020\/11\/PECCRAM-cine-Marona-16x12.jpg 16w, https:\/\/www.helene-pawsitive-solutions.com\/wp-content\/uploads\/2020\/11\/PECCRAM-cine-Marona-640x506.jpg 640w\" data-sizes=\"(max-width: 667px) 100vw, 667px\" src=\"data:image\/svg+xml;base64,PHN2ZyB3aWR0aD0iMSIgaGVpZ2h0PSIxIiB4bWxucz0iaHR0cDovL3d3dy53My5vcmcvMjAwMC9zdmciPjwvc3ZnPg==\" style=\"--smush-placeholder-width: 667px; --smush-placeholder-aspect-ratio: 667\/527;\" \/><figcaption class=\"wp-block-jetpack-slideshow_caption gallery-caption\">Workshop for the movie \"Marona\"<\/figcaption><\/figure><\/li><\/ul><a class=\"wp-block-jetpack-slideshow_button-prev swiper-button-prev swiper-button-white\" role=\"button\"><\/a><a class=\"wp-block-jetpack-slideshow_button-next swiper-button-next swiper-button-white\" role=\"button\"><\/a><a aria-label=\"Pause Slideshow\" class=\"wp-block-jetpack-slideshow_button-pause\" role=\"button\"><\/a><div class=\"wp-block-jetpack-slideshow_pagination swiper-pagination swiper-pagination-white\"><\/div><\/div><\/div>","protected":false},"excerpt":{"rendered":"<p>Bites are the third cause of domestic accident in France! Between 50 and 65 % of children from 3 to 5 year-old don&rsquo;t know how to differentiate a happy dog from a stressed out dog. Being unaware of or ignoring the signs sent by&#8230;<\/p>","protected":false},"author":1,"featured_media":0,"parent":1857,"menu_order":21,"comment_status":"closed","ping_status":"closed","template":"","meta":{"_monsterinsights_skip_tracking":false,"_monsterinsights_sitenote_active":false,"_monsterinsights_sitenote_note":"","_monsterinsights_sitenote_category":0,"footnotes":""},"class_list":["post-1861","page","type-page","status-publish","hentry"],"yoast_head":"<!-- This site is optimized with the Yoast SEO plugin v27.5 - https:\/\/yoast.com\/product\/yoast-seo-wordpress\/ -->\n<title>Bite prevention workshops - Only Pawsitive Solutions<\/title>\n<meta name=\"description\" content=\"J&#039;interviens aupr\u00e8s de structures accueillant du jeune public afin de l&#039;\u00e9duquer au langage canin et pr\u00e9venir les accidents par morsures.\" \/>\n<meta name=\"robots\" content=\"index, follow, max-snippet:-1, max-image-preview:large, max-video-preview:-1\" \/>\n<link rel=\"canonical\" href=\"https:\/\/www.helene-pawsitive-solutions.com\/en\/only-pawsitive-solutions-my-services\/bite-prevention-workshops-peccram\/\" \/>\n<meta property=\"og:locale\" content=\"en_US\" \/>\n<meta property=\"og:type\" content=\"article\" \/>\n<meta property=\"og:title\" content=\"Bite prevention workshops - Only Pawsitive Solutions\" \/>\n<meta property=\"og:description\" content=\"J&#039;interviens aupr\u00e8s de structures accueillant du jeune public afin de l&#039;\u00e9duquer au langage canin et pr\u00e9venir les accidents par morsures.\" \/>\n<meta property=\"og:url\" content=\"https:\/\/www.helene-pawsitive-solutions.com\/en\/only-pawsitive-solutions-my-services\/bite-prevention-workshops-peccram\/\" \/>\n<meta property=\"og:site_name\" content=\"Only Pawsitive Solutions\" \/>\n<meta property=\"article:modified_time\" content=\"2022-02-10T05:15:08+00:00\" \/>\n<meta property=\"og:image\" content=\"http:\/\/www.helene-pawsitive-solutions.com\/wp-content\/uploads\/2019\/01\/dog-kids-couch-1024x666.jpg\" \/>\n<meta name=\"twitter:card\" content=\"summary_large_image\" \/>\n<meta name=\"twitter:label1\" content=\"Est. reading time\" \/>\n\t<meta name=\"twitter:data1\" content=\"3 minutes\" \/>\n<script type=\"application\/ld+json\" class=\"yoast-schema-graph\">{\"@context\":\"https:\\\/\\\/schema.org\",\"@graph\":[{\"@type\":\"WebPage\",\"@id\":\"https:\\\/\\\/www.helene-pawsitive-solutions.com\\\/en\\\/only-pawsitive-solutions-my-services\\\/bite-prevention-workshops-peccram\\\/\",\"url\":\"https:\\\/\\\/www.helene-pawsitive-solutions.com\\\/en\\\/only-pawsitive-solutions-my-services\\\/bite-prevention-workshops-peccram\\\/\",\"name\":\"Bite prevention workshops - Only Pawsitive Solutions\",\"isPartOf\":{\"@id\":\"https:\\\/\\\/www.helene-pawsitive-solutions.com\\\/en\\\/#website\"},\"primaryImageOfPage\":{\"@id\":\"https:\\\/\\\/www.helene-pawsitive-solutions.com\\\/en\\\/only-pawsitive-solutions-my-services\\\/bite-prevention-workshops-peccram\\\/#primaryimage\"},\"image\":{\"@id\":\"https:\\\/\\\/www.helene-pawsitive-solutions.com\\\/en\\\/only-pawsitive-solutions-my-services\\\/bite-prevention-workshops-peccram\\\/#primaryimage\"},\"thumbnailUrl\":\"http:\\\/\\\/www.helene-pawsitive-solutions.com\\\/wp-content\\\/uploads\\\/2019\\\/01\\\/dog-kids-couch-1024x666.jpg\",\"datePublished\":\"2020-12-04T14:40:16+00:00\",\"dateModified\":\"2022-02-10T05:15:08+00:00\",\"description\":\"J'interviens aupr\u00e8s de structures accueillant du jeune public afin de l'\u00e9duquer au langage canin et pr\u00e9venir les accidents par morsures.\",\"breadcrumb\":{\"@id\":\"https:\\\/\\\/www.helene-pawsitive-solutions.com\\\/en\\\/only-pawsitive-solutions-my-services\\\/bite-prevention-workshops-peccram\\\/#breadcrumb\"},\"inLanguage\":\"en-CA\",\"potentialAction\":[{\"@type\":\"ReadAction\",\"target\":[\"https:\\\/\\\/www.helene-pawsitive-solutions.com\\\/en\\\/only-pawsitive-solutions-my-services\\\/bite-prevention-workshops-peccram\\\/\"]}]},{\"@type\":\"ImageObject\",\"inLanguage\":\"en-CA\",\"@id\":\"https:\\\/\\\/www.helene-pawsitive-solutions.com\\\/en\\\/only-pawsitive-solutions-my-services\\\/bite-prevention-workshops-peccram\\\/#primaryimage\",\"url\":\"http:\\\/\\\/www.helene-pawsitive-solutions.com\\\/wp-content\\\/uploads\\\/2019\\\/01\\\/dog-kids-couch-1024x666.jpg\",\"contentUrl\":\"http:\\\/\\\/www.helene-pawsitive-solutions.com\\\/wp-content\\\/uploads\\\/2019\\\/01\\\/dog-kids-couch-1024x666.jpg\"},{\"@type\":\"BreadcrumbList\",\"@id\":\"https:\\\/\\\/www.helene-pawsitive-solutions.com\\\/en\\\/only-pawsitive-solutions-my-services\\\/bite-prevention-workshops-peccram\\\/#breadcrumb\",\"itemListElement\":[{\"@type\":\"ListItem\",\"position\":1,\"name\":\"Home\",\"item\":\"https:\\\/\\\/www.helene-pawsitive-solutions.com\\\/en\\\/home\\\/\"},{\"@type\":\"ListItem\",\"position\":2,\"name\":\"Services\",\"item\":\"http:\\\/\\\/www.helene-pawsitive-solutions.com\\\/en\\\/only-pawsitive-solutions-my-services\\\/\"},{\"@type\":\"ListItem\",\"position\":3,\"name\":\"Bite prevention workshops\"}]},{\"@type\":\"WebSite\",\"@id\":\"https:\\\/\\\/www.helene-pawsitive-solutions.com\\\/en\\\/#website\",\"url\":\"https:\\\/\\\/www.helene-pawsitive-solutions.com\\\/en\\\/\",\"name\":\"Only Pawsitive Solutions\",\"description\":\"                \",\"publisher\":{\"@id\":\"https:\\\/\\\/www.helene-pawsitive-solutions.com\\\/en\\\/#organization\"},\"potentialAction\":[{\"@type\":\"SearchAction\",\"target\":{\"@type\":\"EntryPoint\",\"urlTemplate\":\"https:\\\/\\\/www.helene-pawsitive-solutions.com\\\/en\\\/?s={search_term_string}\"},\"query-input\":{\"@type\":\"PropertyValueSpecification\",\"valueRequired\":true,\"valueName\":\"search_term_string\"}}],\"inLanguage\":\"en-CA\"},{\"@type\":\"Organization\",\"@id\":\"https:\\\/\\\/www.helene-pawsitive-solutions.com\\\/en\\\/#organization\",\"name\":\"Only Pawsitive Solutions\",\"url\":\"https:\\\/\\\/www.helene-pawsitive-solutions.com\\\/en\\\/\",\"logo\":{\"@type\":\"ImageObject\",\"inLanguage\":\"en-CA\",\"@id\":\"https:\\\/\\\/www.helene-pawsitive-solutions.com\\\/en\\\/#\\\/schema\\\/logo\\\/image\\\/\",\"url\":\"https:\\\/\\\/www.helene-pawsitive-solutions.com\\\/wp-content\\\/uploads\\\/2020\\\/05\\\/LOGO-header.png\",\"contentUrl\":\"https:\\\/\\\/www.helene-pawsitive-solutions.com\\\/wp-content\\\/uploads\\\/2020\\\/05\\\/LOGO-header.png\",\"width\":397,\"height\":157,\"caption\":\"Only Pawsitive Solutions\"},\"image\":{\"@id\":\"https:\\\/\\\/www.helene-pawsitive-solutions.com\\\/en\\\/#\\\/schema\\\/logo\\\/image\\\/\"}}]}<\/script>\n<!-- \/ Yoast SEO plugin. -->","yoast_head_json":{"title":"Bite prevention workshops - Only Pawsitive Solutions","description":"J'interviens aupr\u00e8s de structures accueillant du jeune public afin de l'\u00e9duquer au langage canin et pr\u00e9venir les accidents par morsures.","robots":{"index":"index","follow":"follow","max-snippet":"max-snippet:-1","max-image-preview":"max-image-preview:large","max-video-preview":"max-video-preview:-1"},"canonical":"https:\/\/www.helene-pawsitive-solutions.com\/en\/only-pawsitive-solutions-my-services\/bite-prevention-workshops-peccram\/","og_locale":"en_US","og_type":"article","og_title":"Bite prevention workshops - Only Pawsitive Solutions","og_description":"J'interviens aupr\u00e8s de structures accueillant du jeune public afin de l'\u00e9duquer au langage canin et pr\u00e9venir les accidents par morsures.","og_url":"https:\/\/www.helene-pawsitive-solutions.com\/en\/only-pawsitive-solutions-my-services\/bite-prevention-workshops-peccram\/","og_site_name":"Only Pawsitive Solutions","article_modified_time":"2022-02-10T05:15:08+00:00","og_image":[{"url":"http:\/\/www.helene-pawsitive-solutions.com\/wp-content\/uploads\/2019\/01\/dog-kids-couch-1024x666.jpg","type":"","width":"","height":""}],"twitter_card":"summary_large_image","twitter_misc":{"Est. reading time":"3 minutes"},"schema":{"@context":"https:\/\/schema.org","@graph":[{"@type":"WebPage","@id":"https:\/\/www.helene-pawsitive-solutions.com\/en\/only-pawsitive-solutions-my-services\/bite-prevention-workshops-peccram\/","url":"https:\/\/www.helene-pawsitive-solutions.com\/en\/only-pawsitive-solutions-my-services\/bite-prevention-workshops-peccram\/","name":"Bite prevention workshops - Only Pawsitive Solutions","isPartOf":{"@id":"https:\/\/www.helene-pawsitive-solutions.com\/en\/#website"},"primaryImageOfPage":{"@id":"https:\/\/www.helene-pawsitive-solutions.com\/en\/only-pawsitive-solutions-my-services\/bite-prevention-workshops-peccram\/#primaryimage"},"image":{"@id":"https:\/\/www.helene-pawsitive-solutions.com\/en\/only-pawsitive-solutions-my-services\/bite-prevention-workshops-peccram\/#primaryimage"},"thumbnailUrl":"http:\/\/www.helene-pawsitive-solutions.com\/wp-content\/uploads\/2019\/01\/dog-kids-couch-1024x666.jpg","datePublished":"2020-12-04T14:40:16+00:00","dateModified":"2022-02-10T05:15:08+00:00","description":"J'interviens aupr\u00e8s de structures accueillant du jeune public afin de l'\u00e9duquer au langage canin et pr\u00e9venir les accidents par morsures.","breadcrumb":{"@id":"https:\/\/www.helene-pawsitive-solutions.com\/en\/only-pawsitive-solutions-my-services\/bite-prevention-workshops-peccram\/#breadcrumb"},"inLanguage":"en-CA","potentialAction":[{"@type":"ReadAction","target":["https:\/\/www.helene-pawsitive-solutions.com\/en\/only-pawsitive-solutions-my-services\/bite-prevention-workshops-peccram\/"]}]},{"@type":"ImageObject","inLanguage":"en-CA","@id":"https:\/\/www.helene-pawsitive-solutions.com\/en\/only-pawsitive-solutions-my-services\/bite-prevention-workshops-peccram\/#primaryimage","url":"http:\/\/www.helene-pawsitive-solutions.com\/wp-content\/uploads\/2019\/01\/dog-kids-couch-1024x666.jpg","contentUrl":"http:\/\/www.helene-pawsitive-solutions.com\/wp-content\/uploads\/2019\/01\/dog-kids-couch-1024x666.jpg"},{"@type":"BreadcrumbList","@id":"https:\/\/www.helene-pawsitive-solutions.com\/en\/only-pawsitive-solutions-my-services\/bite-prevention-workshops-peccram\/#breadcrumb","itemListElement":[{"@type":"ListItem","position":1,"name":"Home","item":"https:\/\/www.helene-pawsitive-solutions.com\/en\/home\/"},{"@type":"ListItem","position":2,"name":"Services","item":"http:\/\/www.helene-pawsitive-solutions.com\/en\/only-pawsitive-solutions-my-services\/"},{"@type":"ListItem","position":3,"name":"Bite prevention workshops"}]},{"@type":"WebSite","@id":"https:\/\/www.helene-pawsitive-solutions.com\/en\/#website","url":"https:\/\/www.helene-pawsitive-solutions.com\/en\/","name":"Only Pawsitive Solutions","description":"","publisher":{"@id":"https:\/\/www.helene-pawsitive-solutions.com\/en\/#organization"},"potentialAction":[{"@type":"SearchAction","target":{"@type":"EntryPoint","urlTemplate":"https:\/\/www.helene-pawsitive-solutions.com\/en\/?s={search_term_string}"},"query-input":{"@type":"PropertyValueSpecification","valueRequired":true,"valueName":"search_term_string"}}],"inLanguage":"en-CA"},{"@type":"Organization","@id":"https:\/\/www.helene-pawsitive-solutions.com\/en\/#organization","name":"Only Pawsitive Solutions","url":"https:\/\/www.helene-pawsitive-solutions.com\/en\/","logo":{"@type":"ImageObject","inLanguage":"en-CA","@id":"https:\/\/www.helene-pawsitive-solutions.com\/en\/#\/schema\/logo\/image\/","url":"https:\/\/www.helene-pawsitive-solutions.com\/wp-content\/uploads\/2020\/05\/LOGO-header.png","contentUrl":"https:\/\/www.helene-pawsitive-solutions.com\/wp-content\/uploads\/2020\/05\/LOGO-header.png","width":397,"height":157,"caption":"Only Pawsitive Solutions"},"image":{"@id":"https:\/\/www.helene-pawsitive-solutions.com\/en\/#\/schema\/logo\/image\/"}}]}},"jetpack_sharing_enabled":true,"jetpack_shortlink":"https:\/\/wp.me\/PaARlQ-u1","rttpg_featured_image_url":null,"rttpg_author":{"display_name":"Helene","author_link":"https:\/\/www.helene-pawsitive-solutions.com\/en\/author\/emenj1e0otx-2-2-2-2-2-2-2-2-2-2-2-2-2-2-2-2-2-2--2\/"},"rttpg_comment":0,"rttpg_category":" <a href=\"https:\/\/www.helene-pawsitive-solutions.com\/en\/\" rel=\"tag\">English<\/a>","rttpg_excerpt":"Bites are the third cause of domestic accident in France! Between 50 and 65 % of children from 3 to 5 year-old don&rsquo;t know how to differentiate a happy dog from a stressed out dog. Being unaware of or ignoring the signs sent by...","post_mailing_queue_ids":[],"_links":{"self":[{"href":"https:\/\/www.helene-pawsitive-solutions.com\/en\/wp-json\/wp\/v2\/pages\/1861","targetHints":{"allow":["GET"]}}],"collection":[{"href":"https:\/\/www.helene-pawsitive-solutions.com\/en\/wp-json\/wp\/v2\/pages"}],"about":[{"href":"https:\/\/www.helene-pawsitive-solutions.com\/en\/wp-json\/wp\/v2\/types\/page"}],"author":[{"embeddable":true,"href":"https:\/\/www.helene-pawsitive-solutions.com\/en\/wp-json\/wp\/v2\/users\/1"}],"replies":[{"embeddable":true,"href":"https:\/\/www.helene-pawsitive-solutions.com\/en\/wp-json\/wp\/v2\/comments?post=1861"}],"version-history":[{"count":4,"href":"https:\/\/www.helene-pawsitive-solutions.com\/en\/wp-json\/wp\/v2\/pages\/1861\/revisions"}],"predecessor-version":[{"id":2212,"href":"https:\/\/www.helene-pawsitive-solutions.com\/en\/wp-json\/wp\/v2\/pages\/1861\/revisions\/2212"}],"up":[{"embeddable":true,"href":"https:\/\/www.helene-pawsitive-solutions.com\/en\/wp-json\/wp\/v2\/pages\/1857"}],"wp:attachment":[{"href":"https:\/\/www.helene-pawsitive-solutions.com\/en\/wp-json\/wp\/v2\/media?parent=1861"}],"curies":[{"name":"wp","href":"https:\/\/api.w.org\/{rel}","templated":true}]}}